{"id":16005,"date":"2024-01-10T12:07:52","date_gmt":"2024-01-10T12:07:52","guid":{"rendered":"https:\/\/safephones.ro\/?page_id=16005"},"modified":"2024-01-21T13:01:23","modified_gmt":"2024-01-21T13:01:23","slug":"politica-cookies","status":"publish","type":"page","link":"https:\/\/safephones.ro\/index.php\/politica-cookies\/","title":{"rendered":"politica cookies"},"content":{"rendered":"<p>Utilizarea cookie-urilor<\/p>\n<p>Cookie-urile (terminologia include \u201eInternet Cookie\u201d, \u201ebrowser cookie\u201d, \u201eHTTP cookie\u201d sau pur \u0219i simplu \u201ecookie\u201d ) sunt fi\u015fiere sau informa\u0163ii care pot fi stocate pe calculatorul dumneavoastr\u0103 sau pe dispozitive mobile, cu acces la Internet (smartphone sau tableta) atunci c\u00e2nd accesa\u0163i Internetul. Cookie-ul este instalat prin solicitarea emis\u0103 de c\u0103tre un web-server unui browser (ex: Internet Explorer, Chrome) \u015fi nu poate accesa informa\u0163iile de pe calculatorul\/dispozitivul mobil al utilizatorului. Men\u0163ion\u0103m c\u0103 aceast\u0103 tehnologie nu con\u0163ine programe software, viru\u015fi sau spyware.<\/p>\n<p>Utiliz\u0103m cookie-urile pentru a face Site-ul mai u\u015for de utilizat \u015fi pentru a-l adapta mai bine, prin ofertele noastre, la interesele \u015fi necesit\u0103\u0163ile dumneavoastr\u0103. Cookie-urile sunt utilizate \u015fi pentru a m\u0103ri viteza viitoarelor dumneavoastr\u0103 activit\u0103\u0163i \u015fi experien\u0163e pe site-ul nostru. Acestea se refer\u0103 la preferin\u0163ele dvs. \u00een materie de confiden\u0163ialitate online sau publicitate relevant\u0103. De asemenea utiliz\u0103m cookie-uri pentru a compila statistici anonime, cumulate, care ne permit s\u0103 \u00een\u0163elegem cum utilizeaz\u0103 oamenii Site-ul \u015fi pentru a ne ajuta s\u0103 \u00eembun\u0103t\u0103\u0163im structura \u015fi con\u0163inutul lui, excluz\u00e2nd indentificarea personal\u0103 a utilizatorului.<\/p>\n<p>Cum pot s\u0103 controlez sau s\u0103 \u015fterg cookie-urile?<\/p>\n<p>Majoritatea browserelor de Internet sunt setate ini\u0163ial pentru a accepta automat cookie-uri. Pute\u0163i modifica set\u0103rile pentru a bloca cookie-urile sau pentru fi notificat \u00een momentul c\u00e2nd sunt trimise cookie-uri c\u0103tre calculatorul sau dispozitivul dumneavoastr\u0103 mobil (smartphone, tablet\u0103).<\/p>\n<p>\u00cen cazul \u00een care anula\u0163i cookie-urile pe care le utiliz\u0103m, nu ve\u0163i mai primi informa\u0163ii personalizate atunci c\u00e2nd vizita\u0163i Site-ul nostru.<\/p>\n<p>Dac\u0103 utiliza\u0163i mai multe dispozitive pentru a vizualiza \u015fi a accesa Site-ul (de ex. calculatorul, smartphone, tableta, etc) va trebui s\u0103 v\u0103 asigura\u0163i c\u0103 fiecare browser de pe fiecare dispozitiv este setat astfel \u00eenc\u00e2t s\u0103 corespund\u0103 preferin\u0163elor dumneavoastr\u0103 de cookie.<br \/>\nToate browserele moderne ofer\u0103 posibilitatea de a schimba set\u0103rile cookie-urilor. Aceste set\u0103ri se g\u0103sesc de regul\u0103 \u00een \u201eop\u021biuni\u201d sau \u00een meniul de \u201epreferin\u021be\u201d al browser-ului t\u0103u.<\/p>\n<p>Pentru a \u00een\u021belege aceste set\u0103ri, urm\u0103toarele linkuri pot fi folositoare, altfel pute\u021bi folosi op\u021biunea \u201eajutor\u201d a browserului pentru mai multe detalii.<\/p>\n<p>Cookie settings \u00een Internet Explorer<br \/>\nCookie settings \u00een Firefox<br \/>\nCookie settings \u00een Chrome<br \/>\nCookie settings \u00een Safari<br \/>\nPentru set\u0103rile cookie-urilor generate de ter\u021bi, pute\u021bi consulta \u0219i site-ul <a href=\"http:\/\/www.youronlinechoices.com\/ro\/\" target=\"_blank\" rel=\"nofollow noopener\">http:\/\/www.youronlinechoices.com\/ro\/<\/a><\/p>\n<p>Linkuri utile<\/p>\n<p>Dac\u0103 dori\u021bi s\u0103 afla\u021bi mai multe infroma\u021bii despre cookie-uri \u0219i la ce sunt utilizate, recomand\u0103m urm\u0103toarele link-uri:<\/p>\n<p>Microsoft Cookies guide<br \/>\nAll About Cookies<br \/>\nIAB Rom\u00e2nia pune la dispozi\u021bie urm\u0103torul site pentru a oferi mai multe informa\u021bii privind confiden\u021bialitatea legat\u0103 de publicitatea online: <a href=\"http:\/\/www.youronlinechoices.com\/ro\/\" target=\"_blank\" rel=\"nofollow noopener\">http:\/\/www.youronlinechoices.com\/ro\/<\/a><\/p>\n<p>Pentru mai multe detalii legate de probleme de confiden\u021bialitate, pute\u021bi accesa \u0219i urm\u0103toarele linkuri:<\/p>\n<p><a href=\"http:\/\/www.dreptonline.ro\/legislatie\/oug_13_2012_modificare_prelucrare_date_caracter_personal_protectia_vietii_private_comunicatii_electronice.php\" target=\"_blank\" rel=\"nofollow noopener\">http:\/\/www.dreptonline.ro\/legislatie\/oug_13_2012_modificare_prelucrare_date_caracter_personal_protectia_vietii_private_comunicatii_electronice.php<\/a><br \/>\n<a href=\"http:\/\/www.youronlinechoices.eu\/ro\" target=\"_blank\" rel=\"nofollow noopener\">www.youronlinechoices.eu\/ro<\/a><br \/>\n<a href=\"http:\/\/www.iabeurope.eu\/cookies-faq\/internet-cookies\" target=\"_blank\" rel=\"nofollow noopener\">http:\/\/www.iabeurope.eu\/cookies-faq\/internet-cookies<\/a>\u2013increasing-and-enhancing-yourinternet-surfing-experience\/what-are-cookies-how-do-they-work\u2013cookies-faq.aspx<br \/>\n<a href=\"http:\/\/www.guardian.co.uk\/info\/cookies\" target=\"_blank\" rel=\"nofollow noopener\">http:\/\/www.guardian.co.uk\/info\/cookies<\/a><\/p>\n","protected":false},"excerpt":{"rendered":"<p>Utilizarea cookie-urilor Cookie-urile (terminologia include \u201eInternet Cookie\u201d, \u201ebrowser cookie\u201d, \u201eHTTP cookie\u201d sau pur \u0219i simplu \u201ecookie\u201d ) sunt fi\u015fiere sau<\/p>\n","protected":false},"author":1,"featured_media":16562,"parent":0,"menu_order":0,"comment_status":"closed","ping_status":"closed","template":"elementor_header_footer","meta":{"_mbp_gutenberg_autopost":false,"footnotes":""},"class_list":["post-16005","page","type-page","status-publish","has-post-thumbnail","hentry"],"jetpack_sharing_enabled":true,"_links":{"self":[{"href":"https:\/\/safephones.ro\/index.php\/wp-json\/wp\/v2\/pages\/16005","targetHints":{"allow":["GET"]}}],"collection":[{"href":"https:\/\/safephones.ro\/index.php\/wp-json\/wp\/v2\/pages"}],"about":[{"href":"https:\/\/safephones.ro\/index.php\/wp-json\/wp\/v2\/types\/page"}],"author":[{"embeddable":true,"href":"https:\/\/safephones.ro\/index.php\/wp-json\/wp\/v2\/users\/1"}],"replies":[{"embeddable":true,"href":"https:\/\/safephones.ro\/index.php\/wp-json\/wp\/v2\/comments?post=16005"}],"version-history":[{"count":0,"href":"https:\/\/safephones.ro\/index.php\/wp-json\/wp\/v2\/pages\/16005\/revisions"}],"wp:featuredmedia":[{"embeddable":true,"href":"https:\/\/safephones.ro\/index.php\/wp-json\/wp\/v2\/media\/16562"}],"wp:attachment":[{"href":"https:\/\/safephones.ro\/index.php\/wp-json\/wp\/v2\/media?parent=16005"}],"curies":[{"name":"wp","href":"https:\/\/api.w.org\/{rel}","templated":true}]}}